{"id":4415,"date":"2025-08-22T12:37:25","date_gmt":"2025-08-22T09:37:25","guid":{"rendered":"https:\/\/www.degamlashem.com\/galleria-2\/"},"modified":"2025-08-25T09:43:22","modified_gmt":"2025-08-25T06:43:22","slug":"galleria","status":"publish","type":"page","link":"https:\/\/www.degamlashem.com\/sv\/galleria\/","title":{"rendered":"Bildgalleri"},"content":{"rendered":"\r\n\r\n<section class=\"hero site-banner banner-bg-image section-default default alignfull image\">\r\n\r\n    <div class=\"site-banner-bg section-bg-image \" >\r\n\r\n        <img loading=\"lazy\" decoding=\"async\" width=\"1366\" height=\"858\" src=\"https:\/\/www.degamlashem.com\/wp-content\/uploads\/2025\/08\/highlight-image-e1756104936232.jpg\" class=\"attachment-1536\u00d71536 size-1536\u00d71536\" alt=\"\" srcset=\"https:\/\/www.degamlashem.com\/wp-content\/uploads\/2025\/08\/highlight-image-e1756104936232.jpg 1366w, https:\/\/www.degamlashem.com\/wp-content\/uploads\/2025\/08\/highlight-image-e1756104936232-300x188.jpg 300w, https:\/\/www.degamlashem.com\/wp-content\/uploads\/2025\/08\/highlight-image-e1756104936232-1024x643.jpg 1024w, https:\/\/www.degamlashem.com\/wp-content\/uploads\/2025\/08\/highlight-image-e1756104936232-768x482.jpg 768w\" sizes=\"auto, (max-width: 1366px) 100vw, 1366px\" \/>\r\n        \r\n            <div class=\"site-banner-content container\">\r\n                <div class=\"row w-100\">\r\n                    <div class=\"col-md-12\">\r\n\r\n                        <h1 class=\"hero-title\">Vi v\u00e5rdar med stort hj\u00e4rta<\/h1><div class=\"inner-content\">\r\n                            <div class=\"acf-innerblocks-container\">\n\n<p><\/p>\n\n<\/div>\r\n                        <\/div>                    <\/div>\r\n                <\/div>\r\n            <\/div>\r\n        \r\n        <\/div><\/section>\n\n\n<h2 class=\"wp-block-heading\">Galleria<\/h2>\n\n\n\n<figure class=\"wp-block-gallery has-nested-images columns-4 is-cropped wp-block-gallery-1 is-layout-flex wp-block-gallery-is-layout-flex\">\n<figure class=\"wp-block-image size-large\"><a href=\"https:\/\/www.degamlashem.com\/wp-content\/uploads\/2025\/08\/eliisan-talvikuva.jpg\"><img loading=\"lazy\" decoding=\"async\" width=\"1024\" height=\"768\" data-id=\"4275\" src=\"https:\/\/www.degamlashem.com\/wp-content\/uploads\/2025\/08\/eliisan-talvikuva-1024x768.jpg\" alt=\"\" class=\"wp-image-4275\" srcset=\"https:\/\/www.degamlashem.com\/wp-content\/uploads\/2025\/08\/eliisan-talvikuva-1024x768.jpg 1024w, https:\/\/www.degamlashem.com\/wp-content\/uploads\/2025\/08\/eliisan-talvikuva-300x225.jpg 300w, https:\/\/www.degamlashem.com\/wp-content\/uploads\/2025\/08\/eliisan-talvikuva-768x576.jpg 768w, https:\/\/www.degamlashem.com\/wp-content\/uploads\/2025\/08\/eliisan-talvikuva.jpg 1280w\" sizes=\"auto, (max-width: 1024px) 100vw, 1024px\" \/><\/a><\/figure>\n\n\n\n<figure class=\"wp-block-image size-large\"><a href=\"https:\/\/www.degamlashem.com\/wp-content\/uploads\/2025\/08\/kotisivu-dgh-1.png\"><img loading=\"lazy\" decoding=\"async\" width=\"1024\" height=\"394\" data-id=\"4266\" src=\"https:\/\/www.degamlashem.com\/wp-content\/uploads\/2025\/08\/kotisivu-dgh-1-1024x394.png\" alt=\"\" class=\"wp-image-4266\" srcset=\"https:\/\/www.degamlashem.com\/wp-content\/uploads\/2025\/08\/kotisivu-dgh-1-1024x394.png 1024w, https:\/\/www.degamlashem.com\/wp-content\/uploads\/2025\/08\/kotisivu-dgh-1-300x115.png 300w, https:\/\/www.degamlashem.com\/wp-content\/uploads\/2025\/08\/kotisivu-dgh-1-768x296.png 768w, https:\/\/www.degamlashem.com\/wp-content\/uploads\/2025\/08\/kotisivu-dgh-1.png 1517w\" sizes=\"auto, (max-width: 1024px) 100vw, 1024px\" \/><\/a><figcaption class=\"wp-element-caption\">Huvudbyggnad<\/figcaption><\/figure>\n\n\n\n<figure class=\"wp-block-image size-large\"><a href=\"https:\/\/www.degamlashem.com\/wp-content\/uploads\/2025\/08\/galleria-ruskea-talo-scaled-1.jpg\"><img loading=\"lazy\" decoding=\"async\" width=\"1024\" height=\"768\" data-id=\"4274\" src=\"https:\/\/www.degamlashem.com\/wp-content\/uploads\/2025\/08\/galleria-ruskea-talo-scaled-1-1024x768.jpg\" alt=\"\" class=\"wp-image-4274\" srcset=\"https:\/\/www.degamlashem.com\/wp-content\/uploads\/2025\/08\/galleria-ruskea-talo-scaled-1-1024x768.jpg 1024w, https:\/\/www.degamlashem.com\/wp-content\/uploads\/2025\/08\/galleria-ruskea-talo-scaled-1-300x225.jpg 300w, https:\/\/www.degamlashem.com\/wp-content\/uploads\/2025\/08\/galleria-ruskea-talo-scaled-1-768x576.jpg 768w, https:\/\/www.degamlashem.com\/wp-content\/uploads\/2025\/08\/galleria-ruskea-talo-scaled-1-1536x1152.jpg 1536w, https:\/\/www.degamlashem.com\/wp-content\/uploads\/2025\/08\/galleria-ruskea-talo-scaled-1.jpg 1920w\" sizes=\"auto, (max-width: 1024px) 100vw, 1024px\" \/><\/a><figcaption class=\"wp-element-caption\">Brunt hus med servicel\u00e4genheter<\/figcaption><\/figure>\n\n\n\n<figure class=\"wp-block-image size-large\"><a href=\"https:\/\/www.degamlashem.com\/wp-content\/uploads\/2025\/08\/galleria-sininen-talo-scaled-1.jpg\"><img loading=\"lazy\" decoding=\"async\" width=\"1024\" height=\"768\" data-id=\"4271\" src=\"https:\/\/www.degamlashem.com\/wp-content\/uploads\/2025\/08\/galleria-sininen-talo-scaled-1-1024x768.jpg\" alt=\"\" class=\"wp-image-4271\" srcset=\"https:\/\/www.degamlashem.com\/wp-content\/uploads\/2025\/08\/galleria-sininen-talo-scaled-1-1024x768.jpg 1024w, https:\/\/www.degamlashem.com\/wp-content\/uploads\/2025\/08\/galleria-sininen-talo-scaled-1-300x225.jpg 300w, https:\/\/www.degamlashem.com\/wp-content\/uploads\/2025\/08\/galleria-sininen-talo-scaled-1-768x576.jpg 768w, https:\/\/www.degamlashem.com\/wp-content\/uploads\/2025\/08\/galleria-sininen-talo-scaled-1-1536x1152.jpg 1536w, https:\/\/www.degamlashem.com\/wp-content\/uploads\/2025\/08\/galleria-sininen-talo-scaled-1.jpg 1920w\" sizes=\"auto, (max-width: 1024px) 100vw, 1024px\" \/><\/a><figcaption class=\"wp-element-caption\">Bl\u00e5 hus med servicel\u00e4genheter<\/figcaption><\/figure>\n\n\n\n<figure class=\"wp-block-image size-large\"><a href=\"https:\/\/www.degamlashem.com\/wp-content\/uploads\/2025\/08\/galleria-kukat-scaled-1.jpg\"><img loading=\"lazy\" decoding=\"async\" width=\"1024\" height=\"768\" data-id=\"4276\" src=\"https:\/\/www.degamlashem.com\/wp-content\/uploads\/2025\/08\/galleria-kukat-scaled-1-1024x768.jpg\" alt=\"\" class=\"wp-image-4276\" srcset=\"https:\/\/www.degamlashem.com\/wp-content\/uploads\/2025\/08\/galleria-kukat-scaled-1-1024x768.jpg 1024w, https:\/\/www.degamlashem.com\/wp-content\/uploads\/2025\/08\/galleria-kukat-scaled-1-300x225.jpg 300w, https:\/\/www.degamlashem.com\/wp-content\/uploads\/2025\/08\/galleria-kukat-scaled-1-768x576.jpg 768w, https:\/\/www.degamlashem.com\/wp-content\/uploads\/2025\/08\/galleria-kukat-scaled-1-1536x1152.jpg 1536w, https:\/\/www.degamlashem.com\/wp-content\/uploads\/2025\/08\/galleria-kukat-scaled-1.jpg 1920w\" sizes=\"auto, (max-width: 1024px) 100vw, 1024px\" \/><\/a><\/figure>\n\n\n\n<figure class=\"wp-block-image size-large\"><a href=\"https:\/\/www.degamlashem.com\/wp-content\/uploads\/2025\/08\/galleria-kissa-scaled-1.jpg\"><img loading=\"lazy\" decoding=\"async\" width=\"1024\" height=\"768\" data-id=\"4273\" src=\"https:\/\/www.degamlashem.com\/wp-content\/uploads\/2025\/08\/galleria-kissa-scaled-1-1024x768.jpg\" alt=\"\" class=\"wp-image-4273\" srcset=\"https:\/\/www.degamlashem.com\/wp-content\/uploads\/2025\/08\/galleria-kissa-scaled-1-1024x768.jpg 1024w, https:\/\/www.degamlashem.com\/wp-content\/uploads\/2025\/08\/galleria-kissa-scaled-1-300x225.jpg 300w, https:\/\/www.degamlashem.com\/wp-content\/uploads\/2025\/08\/galleria-kissa-scaled-1-768x576.jpg 768w, https:\/\/www.degamlashem.com\/wp-content\/uploads\/2025\/08\/galleria-kissa-scaled-1-1536x1152.jpg 1536w, https:\/\/www.degamlashem.com\/wp-content\/uploads\/2025\/08\/galleria-kissa-scaled-1.jpg 1920w\" sizes=\"auto, (max-width: 1024px) 100vw, 1024px\" \/><\/a><figcaption class=\"wp-element-caption\">Katten Mumin<\/figcaption><\/figure>\n\n\n\n<figure class=\"wp-block-image size-large\"><a href=\"https:\/\/www.degamlashem.com\/wp-content\/uploads\/2025\/08\/img-3502.jpg\"><img loading=\"lazy\" decoding=\"async\" width=\"1024\" height=\"683\" data-id=\"4268\" src=\"https:\/\/www.degamlashem.com\/wp-content\/uploads\/2025\/08\/img-3502-1024x683.jpg\" alt=\"\" class=\"wp-image-4268\" srcset=\"https:\/\/www.degamlashem.com\/wp-content\/uploads\/2025\/08\/img-3502-1024x683.jpg 1024w, https:\/\/www.degamlashem.com\/wp-content\/uploads\/2025\/08\/img-3502-300x200.jpg 300w, https:\/\/www.degamlashem.com\/wp-content\/uploads\/2025\/08\/img-3502-768x512.jpg 768w, https:\/\/www.degamlashem.com\/wp-content\/uploads\/2025\/08\/img-3502-1536x1024.jpg 1536w, https:\/\/www.degamlashem.com\/wp-content\/uploads\/2025\/08\/img-3502.jpg 1920w\" sizes=\"auto, (max-width: 1024px) 100vw, 1024px\" \/><\/a><figcaption class=\"wp-element-caption\">Utsikt fr\u00e5n verandan i det bl\u00e5 huset<\/figcaption><\/figure>\n\n\n\n<figure class=\"wp-block-image size-large\"><a href=\"https:\/\/www.degamlashem.com\/wp-content\/uploads\/2025\/08\/matsalen-07.jpg\"><img loading=\"lazy\" decoding=\"async\" width=\"1024\" height=\"768\" data-id=\"4280\" src=\"https:\/\/www.degamlashem.com\/wp-content\/uploads\/2025\/08\/matsalen-07-1024x768.jpg\" alt=\"\" class=\"wp-image-4280\" srcset=\"https:\/\/www.degamlashem.com\/wp-content\/uploads\/2025\/08\/matsalen-07-1024x768.jpg 1024w, https:\/\/www.degamlashem.com\/wp-content\/uploads\/2025\/08\/matsalen-07-300x225.jpg 300w, https:\/\/www.degamlashem.com\/wp-content\/uploads\/2025\/08\/matsalen-07-768x576.jpg 768w, https:\/\/www.degamlashem.com\/wp-content\/uploads\/2025\/08\/matsalen-07-1536x1152.jpg 1536w, https:\/\/www.degamlashem.com\/wp-content\/uploads\/2025\/08\/matsalen-07.jpg 1920w\" sizes=\"auto, (max-width: 1024px) 100vw, 1024px\" \/><\/a><figcaption class=\"wp-element-caption\">Matsal<\/figcaption><\/figure>\n\n\n\n<figure class=\"wp-block-image size-large\"><a href=\"https:\/\/www.degamlashem.com\/wp-content\/uploads\/2025\/08\/puutarha-scaled-1.jpg\"><img loading=\"lazy\" decoding=\"async\" width=\"1024\" height=\"498\" data-id=\"4279\" src=\"https:\/\/www.degamlashem.com\/wp-content\/uploads\/2025\/08\/puutarha-scaled-1-1024x498.jpg\" alt=\"\" class=\"wp-image-4279\" srcset=\"https:\/\/www.degamlashem.com\/wp-content\/uploads\/2025\/08\/puutarha-scaled-1-1024x498.jpg 1024w, https:\/\/www.degamlashem.com\/wp-content\/uploads\/2025\/08\/puutarha-scaled-1-300x146.jpg 300w, https:\/\/www.degamlashem.com\/wp-content\/uploads\/2025\/08\/puutarha-scaled-1-768x373.jpg 768w, https:\/\/www.degamlashem.com\/wp-content\/uploads\/2025\/08\/puutarha-scaled-1-1536x746.jpg 1536w, https:\/\/www.degamlashem.com\/wp-content\/uploads\/2025\/08\/puutarha-scaled-1.jpg 1920w\" sizes=\"auto, (max-width: 1024px) 100vw, 1024px\" \/><\/a><\/figure>\n\n\n\n<figure class=\"wp-block-image size-large\"><a href=\"https:\/\/www.degamlashem.com\/wp-content\/uploads\/2025\/08\/bingo.jpg\"><img loading=\"lazy\" decoding=\"async\" width=\"1024\" height=\"498\" data-id=\"4277\" src=\"https:\/\/www.degamlashem.com\/wp-content\/uploads\/2025\/08\/bingo-1024x498.jpg\" alt=\"\" class=\"wp-image-4277\" srcset=\"https:\/\/www.degamlashem.com\/wp-content\/uploads\/2025\/08\/bingo-1024x498.jpg 1024w, https:\/\/www.degamlashem.com\/wp-content\/uploads\/2025\/08\/bingo-300x146.jpg 300w, https:\/\/www.degamlashem.com\/wp-content\/uploads\/2025\/08\/bingo-768x373.jpg 768w, https:\/\/www.degamlashem.com\/wp-content\/uploads\/2025\/08\/bingo.jpg 1316w\" sizes=\"auto, (max-width: 1024px) 100vw, 1024px\" \/><\/a><figcaption class=\"wp-element-caption\">Bingo i tr\u00e4dg\u00e5rden<\/figcaption><\/figure>\n\n\n\n<figure class=\"wp-block-image size-large\"><a href=\"https:\/\/www.degamlashem.com\/wp-content\/uploads\/2025\/08\/bingo2.jpg\"><img loading=\"lazy\" decoding=\"async\" width=\"466\" height=\"960\" data-id=\"4278\" src=\"https:\/\/www.degamlashem.com\/wp-content\/uploads\/2025\/08\/bingo2.jpg\" alt=\"\" class=\"wp-image-4278\" srcset=\"https:\/\/www.degamlashem.com\/wp-content\/uploads\/2025\/08\/bingo2.jpg 466w, https:\/\/www.degamlashem.com\/wp-content\/uploads\/2025\/08\/bingo2-146x300.jpg 146w\" sizes=\"auto, (max-width: 466px) 100vw, 466px\" \/><\/a><\/figure>\n\n\n\n<figure class=\"wp-block-image size-large\"><a href=\"https:\/\/www.degamlashem.com\/wp-content\/uploads\/2025\/08\/hoitajat.jpg\"><img loading=\"lazy\" decoding=\"async\" width=\"720\" height=\"960\" data-id=\"4259\" src=\"https:\/\/www.degamlashem.com\/wp-content\/uploads\/2025\/08\/hoitajat.jpg\" alt=\"\" class=\"wp-image-4259\" srcset=\"https:\/\/www.degamlashem.com\/wp-content\/uploads\/2025\/08\/hoitajat.jpg 720w, https:\/\/www.degamlashem.com\/wp-content\/uploads\/2025\/08\/hoitajat-225x300.jpg 225w\" sizes=\"auto, (max-width: 720px) 100vw, 720px\" \/><\/a><figcaption class=\"wp-element-caption\">Le bakom masken<\/figcaption><\/figure>\n\n\n\n<figure class=\"wp-block-image size-large\"><a href=\"https:\/\/www.degamlashem.com\/wp-content\/uploads\/2025\/08\/hugo.jpg\"><img loading=\"lazy\" decoding=\"async\" width=\"720\" height=\"960\" data-id=\"4272\" src=\"https:\/\/www.degamlashem.com\/wp-content\/uploads\/2025\/08\/hugo.jpg\" alt=\"\" class=\"wp-image-4272\" srcset=\"https:\/\/www.degamlashem.com\/wp-content\/uploads\/2025\/08\/hugo.jpg 720w, https:\/\/www.degamlashem.com\/wp-content\/uploads\/2025\/08\/hugo-225x300.jpg 225w\" sizes=\"auto, (max-width: 720px) 100vw, 720px\" \/><\/a><figcaption class=\"wp-element-caption\">Hugo bes\u00f6kte servicehemmet f\u00f6r att gl\u00e4dja de boende<\/figcaption><\/figure>\n\n\n\n<figure class=\"wp-block-image size-large\"><a href=\"https:\/\/www.degamlashem.com\/wp-content\/uploads\/2025\/08\/keittio.jpg\"><img loading=\"lazy\" decoding=\"async\" width=\"960\" height=\"720\" data-id=\"4270\" src=\"https:\/\/www.degamlashem.com\/wp-content\/uploads\/2025\/08\/keittio.jpg\" alt=\"\" class=\"wp-image-4270\" srcset=\"https:\/\/www.degamlashem.com\/wp-content\/uploads\/2025\/08\/keittio.jpg 960w, https:\/\/www.degamlashem.com\/wp-content\/uploads\/2025\/08\/keittio-300x225.jpg 300w, https:\/\/www.degamlashem.com\/wp-content\/uploads\/2025\/08\/keittio-768x576.jpg 768w\" sizes=\"auto, (max-width: 960px) 100vw, 960px\" \/><\/a><figcaption class=\"wp-element-caption\">K\u00f6ket \u00e4r hj\u00e4rta ocks\u00e5 i servicehemmet &lt;3<\/figcaption><\/figure>\n\n\n\n<figure class=\"wp-block-image size-large\"><a href=\"https:\/\/www.degamlashem.com\/wp-content\/uploads\/2025\/08\/lounaskuva.jpg\"><img loading=\"lazy\" decoding=\"async\" width=\"1024\" height=\"768\" data-id=\"4269\" src=\"https:\/\/www.degamlashem.com\/wp-content\/uploads\/2025\/08\/lounaskuva-1024x768.jpg\" alt=\"\" class=\"wp-image-4269\" srcset=\"https:\/\/www.degamlashem.com\/wp-content\/uploads\/2025\/08\/lounaskuva-1024x768.jpg 1024w, https:\/\/www.degamlashem.com\/wp-content\/uploads\/2025\/08\/lounaskuva-300x225.jpg 300w, https:\/\/www.degamlashem.com\/wp-content\/uploads\/2025\/08\/lounaskuva-768x576.jpg 768w, https:\/\/www.degamlashem.com\/wp-content\/uploads\/2025\/08\/lounaskuva.jpg 1280w\" sizes=\"auto, (max-width: 1024px) 100vw, 1024px\" \/><\/a><figcaption class=\"wp-element-caption\">Smaklig och friska lunch<\/figcaption><\/figure>\n\n\n\n<figure class=\"wp-block-image size-large\"><a href=\"https:\/\/www.degamlashem.com\/wp-content\/uploads\/2025\/08\/mansikat-scaled-1.jpg\"><img loading=\"lazy\" decoding=\"async\" width=\"1024\" height=\"498\" data-id=\"4267\" src=\"https:\/\/www.degamlashem.com\/wp-content\/uploads\/2025\/08\/mansikat-scaled-1-1024x498.jpg\" alt=\"\" class=\"wp-image-4267\" srcset=\"https:\/\/www.degamlashem.com\/wp-content\/uploads\/2025\/08\/mansikat-scaled-1-1024x498.jpg 1024w, https:\/\/www.degamlashem.com\/wp-content\/uploads\/2025\/08\/mansikat-scaled-1-300x146.jpg 300w, https:\/\/www.degamlashem.com\/wp-content\/uploads\/2025\/08\/mansikat-scaled-1-768x373.jpg 768w, https:\/\/www.degamlashem.com\/wp-content\/uploads\/2025\/08\/mansikat-scaled-1-1536x746.jpg 1536w, https:\/\/www.degamlashem.com\/wp-content\/uploads\/2025\/08\/mansikat-scaled-1.jpg 1920w\" sizes=\"auto, (max-width: 1024px) 100vw, 1024px\" \/><\/a><figcaption class=\"wp-element-caption\">Jordgubbar f\u00f6r vintern<\/figcaption><\/figure>\n\n\n\n<figure class=\"wp-block-image size-large\"><a href=\"https:\/\/www.degamlashem.com\/wp-content\/uploads\/2025\/08\/muumi.jpg\"><img loading=\"lazy\" decoding=\"async\" width=\"466\" height=\"960\" data-id=\"4265\" src=\"https:\/\/www.degamlashem.com\/wp-content\/uploads\/2025\/08\/muumi.jpg\" alt=\"\" class=\"wp-image-4265\" srcset=\"https:\/\/www.degamlashem.com\/wp-content\/uploads\/2025\/08\/muumi.jpg 466w, https:\/\/www.degamlashem.com\/wp-content\/uploads\/2025\/08\/muumi-146x300.jpg 146w\" sizes=\"auto, (max-width: 466px) 100vw, 466px\" \/><\/a><figcaption class=\"wp-element-caption\">Mumin njutar av sommaren<\/figcaption><\/figure>\n\n\n\n<figure class=\"wp-block-image size-large\"><a href=\"https:\/\/www.degamlashem.com\/wp-content\/uploads\/2025\/08\/muumi2.jpg\"><img loading=\"lazy\" decoding=\"async\" width=\"720\" height=\"960\" data-id=\"4263\" src=\"https:\/\/www.degamlashem.com\/wp-content\/uploads\/2025\/08\/muumi2.jpg\" alt=\"\" class=\"wp-image-4263\" srcset=\"https:\/\/www.degamlashem.com\/wp-content\/uploads\/2025\/08\/muumi2.jpg 720w, https:\/\/www.degamlashem.com\/wp-content\/uploads\/2025\/08\/muumi2-225x300.jpg 225w\" sizes=\"auto, (max-width: 720px) 100vw, 720px\" \/><\/a><figcaption class=\"wp-element-caption\">V\u00e4ckte jag dig?<\/figcaption><\/figure>\n\n\n\n<figure class=\"wp-block-image size-large\"><a href=\"https:\/\/www.degamlashem.com\/wp-content\/uploads\/2025\/08\/puutarha2-scaled-1.jpg\"><img loading=\"lazy\" decoding=\"async\" width=\"498\" height=\"1024\" data-id=\"4264\" src=\"https:\/\/www.degamlashem.com\/wp-content\/uploads\/2025\/08\/puutarha2-scaled-1-498x1024.jpg\" alt=\"\" class=\"wp-image-4264\" srcset=\"https:\/\/www.degamlashem.com\/wp-content\/uploads\/2025\/08\/puutarha2-scaled-1-498x1024.jpg 498w, https:\/\/www.degamlashem.com\/wp-content\/uploads\/2025\/08\/puutarha2-scaled-1-146x300.jpg 146w, https:\/\/www.degamlashem.com\/wp-content\/uploads\/2025\/08\/puutarha2-scaled-1-768x1580.jpg 768w, https:\/\/www.degamlashem.com\/wp-content\/uploads\/2025\/08\/puutarha2-scaled-1-746x1536.jpg 746w, https:\/\/www.degamlashem.com\/wp-content\/uploads\/2025\/08\/puutarha2-scaled-1.jpg 933w\" sizes=\"auto, (max-width: 498px) 100vw, 498px\" \/><\/a><\/figure>\n\n\n\n<figure class=\"wp-block-image size-large\"><a href=\"https:\/\/www.degamlashem.com\/wp-content\/uploads\/2025\/08\/puutarha3.jpg\"><img loading=\"lazy\" decoding=\"async\" width=\"1024\" height=\"498\" data-id=\"4261\" src=\"https:\/\/www.degamlashem.com\/wp-content\/uploads\/2025\/08\/puutarha3-1024x498.jpg\" alt=\"\" class=\"wp-image-4261\" srcset=\"https:\/\/www.degamlashem.com\/wp-content\/uploads\/2025\/08\/puutarha3-1024x498.jpg 1024w, https:\/\/www.degamlashem.com\/wp-content\/uploads\/2025\/08\/puutarha3-300x146.jpg 300w, https:\/\/www.degamlashem.com\/wp-content\/uploads\/2025\/08\/puutarha3-768x373.jpg 768w, https:\/\/www.degamlashem.com\/wp-content\/uploads\/2025\/08\/puutarha3.jpg 1316w\" sizes=\"auto, (max-width: 1024px) 100vw, 1024px\" \/><\/a><\/figure>\n\n\n\n<figure class=\"wp-block-image size-large\"><a href=\"https:\/\/www.degamlashem.com\/wp-content\/uploads\/2025\/08\/puutarha4.jpg\"><img loading=\"lazy\" decoding=\"async\" width=\"1024\" height=\"498\" data-id=\"4262\" src=\"https:\/\/www.degamlashem.com\/wp-content\/uploads\/2025\/08\/puutarha4-1024x498.jpg\" alt=\"\" class=\"wp-image-4262\" srcset=\"https:\/\/www.degamlashem.com\/wp-content\/uploads\/2025\/08\/puutarha4-1024x498.jpg 1024w, https:\/\/www.degamlashem.com\/wp-content\/uploads\/2025\/08\/puutarha4-300x146.jpg 300w, https:\/\/www.degamlashem.com\/wp-content\/uploads\/2025\/08\/puutarha4-768x373.jpg 768w, https:\/\/www.degamlashem.com\/wp-content\/uploads\/2025\/08\/puutarha4.jpg 1316w\" sizes=\"auto, (max-width: 1024px) 100vw, 1024px\" \/><\/a><\/figure>\n\n\n\n<figure class=\"wp-block-image size-large\"><a href=\"https:\/\/www.degamlashem.com\/wp-content\/uploads\/2025\/08\/puutarha5.jpg\"><img loading=\"lazy\" decoding=\"async\" width=\"720\" height=\"960\" data-id=\"4281\" src=\"https:\/\/www.degamlashem.com\/wp-content\/uploads\/2025\/08\/puutarha5.jpg\" alt=\"\" class=\"wp-image-4281\" srcset=\"https:\/\/www.degamlashem.com\/wp-content\/uploads\/2025\/08\/puutarha5.jpg 720w, https:\/\/www.degamlashem.com\/wp-content\/uploads\/2025\/08\/puutarha5-225x300.jpg 225w\" sizes=\"auto, (max-width: 720px) 100vw, 720px\" \/><\/a><\/figure>\n\n\n\n<figure class=\"wp-block-image size-large\"><a href=\"https:\/\/www.degamlashem.com\/wp-content\/uploads\/2025\/08\/paivankakkara-scaled-1.jpg\"><img loading=\"lazy\" decoding=\"async\" width=\"498\" height=\"1024\" data-id=\"4260\" src=\"https:\/\/www.degamlashem.com\/wp-content\/uploads\/2025\/08\/paivankakkara-scaled-1-498x1024.jpg\" alt=\"\" class=\"wp-image-4260\" srcset=\"https:\/\/www.degamlashem.com\/wp-content\/uploads\/2025\/08\/paivankakkara-scaled-1-498x1024.jpg 498w, https:\/\/www.degamlashem.com\/wp-content\/uploads\/2025\/08\/paivankakkara-scaled-1-146x300.jpg 146w, https:\/\/www.degamlashem.com\/wp-content\/uploads\/2025\/08\/paivankakkara-scaled-1-768x1580.jpg 768w, https:\/\/www.degamlashem.com\/wp-content\/uploads\/2025\/08\/paivankakkara-scaled-1-746x1536.jpg 746w, https:\/\/www.degamlashem.com\/wp-content\/uploads\/2025\/08\/paivankakkara-scaled-1.jpg 933w\" sizes=\"auto, (max-width: 498px) 100vw, 498px\" \/><\/a><\/figure>\n\n\n\n<figure class=\"wp-block-image size-large\"><a href=\"https:\/\/www.degamlashem.com\/wp-content\/uploads\/2025\/08\/ruokasalin-poyta.jpg\"><img loading=\"lazy\" decoding=\"async\" width=\"720\" height=\"960\" data-id=\"4285\" src=\"https:\/\/www.degamlashem.com\/wp-content\/uploads\/2025\/08\/ruokasalin-poyta.jpg\" alt=\"\" class=\"wp-image-4285\" srcset=\"https:\/\/www.degamlashem.com\/wp-content\/uploads\/2025\/08\/ruokasalin-poyta.jpg 720w, https:\/\/www.degamlashem.com\/wp-content\/uploads\/2025\/08\/ruokasalin-poyta-225x300.jpg 225w\" sizes=\"auto, (max-width: 720px) 100vw, 720px\" \/><\/a><\/figure>\n\n\n\n<figure class=\"wp-block-image size-large\"><a href=\"https:\/\/www.degamlashem.com\/wp-content\/uploads\/2025\/08\/saunapuisto.jpg\"><img loading=\"lazy\" decoding=\"async\" width=\"1024\" height=\"768\" data-id=\"4286\" src=\"https:\/\/www.degamlashem.com\/wp-content\/uploads\/2025\/08\/saunapuisto-1024x768.jpg\" alt=\"\" class=\"wp-image-4286\" srcset=\"https:\/\/www.degamlashem.com\/wp-content\/uploads\/2025\/08\/saunapuisto-1024x768.jpg 1024w, https:\/\/www.degamlashem.com\/wp-content\/uploads\/2025\/08\/saunapuisto-300x225.jpg 300w, https:\/\/www.degamlashem.com\/wp-content\/uploads\/2025\/08\/saunapuisto-768x576.jpg 768w, https:\/\/www.degamlashem.com\/wp-content\/uploads\/2025\/08\/saunapuisto.jpg 1440w\" sizes=\"auto, (max-width: 1024px) 100vw, 1024px\" \/><\/a><\/figure>\n\n\n\n<figure class=\"wp-block-image size-large\"><a href=\"https:\/\/www.degamlashem.com\/wp-content\/uploads\/2025\/08\/synttarikakku.jpg\"><img loading=\"lazy\" decoding=\"async\" width=\"960\" height=\"720\" data-id=\"4282\" src=\"https:\/\/www.degamlashem.com\/wp-content\/uploads\/2025\/08\/synttarikakku.jpg\" alt=\"\" class=\"wp-image-4282\" srcset=\"https:\/\/www.degamlashem.com\/wp-content\/uploads\/2025\/08\/synttarikakku.jpg 960w, https:\/\/www.degamlashem.com\/wp-content\/uploads\/2025\/08\/synttarikakku-300x225.jpg 300w, https:\/\/www.degamlashem.com\/wp-content\/uploads\/2025\/08\/synttarikakku-768x576.jpg 768w\" sizes=\"auto, (max-width: 960px) 100vw, 960px\" \/><\/a><figcaption class=\"wp-element-caption\">Lite fest i mitten av vardagen<\/figcaption><\/figure>\n\n\n\n<figure class=\"wp-block-image size-large\"><a href=\"https:\/\/www.degamlashem.com\/wp-content\/uploads\/2025\/08\/veranta2.jpg\"><img loading=\"lazy\" decoding=\"async\" width=\"720\" height=\"960\" data-id=\"4284\" src=\"https:\/\/www.degamlashem.com\/wp-content\/uploads\/2025\/08\/veranta2.jpg\" alt=\"\" class=\"wp-image-4284\" srcset=\"https:\/\/www.degamlashem.com\/wp-content\/uploads\/2025\/08\/veranta2.jpg 720w, https:\/\/www.degamlashem.com\/wp-content\/uploads\/2025\/08\/veranta2-225x300.jpg 225w\" sizes=\"auto, (max-width: 720px) 100vw, 720px\" \/><\/a><\/figure>\n\n\n\n<figure class=\"wp-block-image size-large\"><a href=\"https:\/\/www.degamlashem.com\/wp-content\/uploads\/2025\/08\/veranta.jpg\"><img loading=\"lazy\" decoding=\"async\" width=\"714\" height=\"960\" data-id=\"4283\" src=\"https:\/\/www.degamlashem.com\/wp-content\/uploads\/2025\/08\/veranta.jpg\" alt=\"\" class=\"wp-image-4283\" srcset=\"https:\/\/www.degamlashem.com\/wp-content\/uploads\/2025\/08\/veranta.jpg 714w, https:\/\/www.degamlashem.com\/wp-content\/uploads\/2025\/08\/veranta-223x300.jpg 223w\" sizes=\"auto, (max-width: 714px) 100vw, 714px\" \/><\/a><figcaption class=\"wp-element-caption\">Nya gardiner i det bl\u00e5 husets veranda<\/figcaption><\/figure>\n<\/figure>\n","protected":false},"excerpt":{"rendered":"<p>Galleria<\/p>\n","protected":false},"author":1,"featured_media":0,"parent":0,"menu_order":6,"comment_status":"closed","ping_status":"closed","template":"","meta":{"_acf_changed":false,"footnotes":""},"class_list":["post-4415","page","type-page","status-publish","hentry"],"acf":[],"aioseo_notices":[],"_links":{"self":[{"href":"https:\/\/www.degamlashem.com\/sv\/wp-json\/wp\/v2\/pages\/4415","targetHints":{"allow":["GET"]}}],"collection":[{"href":"https:\/\/www.degamlashem.com\/sv\/wp-json\/wp\/v2\/pages"}],"about":[{"href":"https:\/\/www.degamlashem.com\/sv\/wp-json\/wp\/v2\/types\/page"}],"author":[{"embeddable":true,"href":"https:\/\/www.degamlashem.com\/sv\/wp-json\/wp\/v2\/users\/1"}],"replies":[{"embeddable":true,"href":"https:\/\/www.degamlashem.com\/sv\/wp-json\/wp\/v2\/comments?post=4415"}],"version-history":[{"count":0,"href":"https:\/\/www.degamlashem.com\/sv\/wp-json\/wp\/v2\/pages\/4415\/revisions"}],"wp:attachment":[{"href":"https:\/\/www.degamlashem.com\/sv\/wp-json\/wp\/v2\/media?parent=4415"}],"curies":[{"name":"wp","href":"https:\/\/api.w.org\/{rel}","templated":true}]}}