{"id":4409,"date":"2025-08-22T12:19:36","date_gmt":"2025-08-22T09:19:36","guid":{"rendered":"https:\/\/www.degamlashem.com\/keittio\/"},"modified":"2026-04-20T08:20:27","modified_gmt":"2026-04-20T05:20:27","slug":"for-kok","status":"publish","type":"page","link":"https:\/\/www.degamlashem.com\/sv\/for-kok\/","title":{"rendered":"Veckans lunch"},"content":{"rendered":"\r\n\r\n<section class=\"hero site-banner banner-bg-image section-default default alignfull image\">\r\n\r\n    <div class=\"site-banner-bg section-bg-image \" >\r\n\r\n        <img loading=\"lazy\" decoding=\"async\" width=\"1366\" height=\"858\" src=\"https:\/\/www.degamlashem.com\/wp-content\/uploads\/2025\/08\/highlight-image-e1756104936232.jpg\" class=\"attachment-1536\u00d71536 size-1536\u00d71536\" alt=\"\" srcset=\"https:\/\/www.degamlashem.com\/wp-content\/uploads\/2025\/08\/highlight-image-e1756104936232.jpg 1366w, https:\/\/www.degamlashem.com\/wp-content\/uploads\/2025\/08\/highlight-image-e1756104936232-300x188.jpg 300w, https:\/\/www.degamlashem.com\/wp-content\/uploads\/2025\/08\/highlight-image-e1756104936232-1024x643.jpg 1024w, https:\/\/www.degamlashem.com\/wp-content\/uploads\/2025\/08\/highlight-image-e1756104936232-768x482.jpg 768w\" sizes=\"auto, (max-width: 1366px) 100vw, 1366px\" \/>\r\n        \r\n            <div class=\"site-banner-content container\">\r\n                <div class=\"row w-100\">\r\n                    <div class=\"col-md-12\">\r\n\r\n                        <h1 class=\"hero-title\">Vi v\u00e5rdar med stort hj\u00e4rta<\/h1><div class=\"inner-content\">\r\n                            <div class=\"acf-innerblocks-container\"><\/div>\r\n                        <\/div>                    <\/div>\r\n                <\/div>\r\n            <\/div>\r\n        \r\n        <\/div><\/section>\n\n\n<h2 class=\"wp-block-heading\">Vecka 17<\/h2>\n\n\n\n<p><\/p>\n\n\n\n<p><\/p>\n\n\n\n<div class=\"wp-block-columns is-layout-flex wp-container-core-columns-is-layout-9d6595d7 wp-block-columns-is-layout-flex\">\n<div class=\"wp-block-column is-layout-flow wp-block-column-is-layout-flow\">\n<figure class=\"wp-block-table\"><table class=\"has-fixed-layout\"><tbody><tr><td><strong>M\u00e5ndag<\/strong> Broilerfrestelse<\/td><td><\/td><\/tr><tr><td><strong>Tisdag<\/strong> K\u00f6ttf\u00e4rsl\u00e4ngd<\/td><td><\/td><\/tr><tr><td><strong>Onsdag<\/strong> Griss\u00e5s<\/td><td><\/td><\/tr><tr><td><strong>Torsdag<\/strong> Lasagne<\/td><td><\/td><\/tr><tr><td><strong>Fredag<\/strong> Sejsoppa<\/td><td><\/td><\/tr><tr><td><strong>L\u00f6rdag<\/strong> K\u00f6ttpotatismosl\u00e5da<\/td><td><\/td><\/tr><tr><td><strong>S\u00f6ndag<\/strong> Kyckling a\u00b4la Igor<br><br><br><\/td><td><\/td><\/tr><\/tbody><\/table><\/figure>\n<\/div>\n\n\n\n<div class=\"wp-block-column is-layout-flow wp-block-column-is-layout-flow\">\n<figure class=\"wp-block-image size-large is-resized\"><img loading=\"lazy\" decoding=\"async\" width=\"1024\" height=\"681\" src=\"https:\/\/www.degamlashem.com\/wp-content\/uploads\/2025\/08\/kotisivu-menu-1024x681.jpg\" alt=\"\" class=\"wp-image-4251\" style=\"width:600px\" srcset=\"https:\/\/www.degamlashem.com\/wp-content\/uploads\/2025\/08\/kotisivu-menu-1024x681.jpg 1024w, https:\/\/www.degamlashem.com\/wp-content\/uploads\/2025\/08\/kotisivu-menu-300x200.jpg 300w, https:\/\/www.degamlashem.com\/wp-content\/uploads\/2025\/08\/kotisivu-menu-768x511.jpg 768w, https:\/\/www.degamlashem.com\/wp-content\/uploads\/2025\/08\/kotisivu-menu-1536x1022.jpg 1536w, https:\/\/www.degamlashem.com\/wp-content\/uploads\/2025\/08\/kotisivu-menu.jpg 1920w\" sizes=\"auto, (max-width: 1024px) 100vw, 1024px\" \/><\/figure>\n<\/div>\n<\/div>\n\n\n\n<figure class=\"wp-block-table\"><table class=\"has-fixed-layout\"><tbody><tr><td><\/td><td><\/td><\/tr><tr><td><\/td><td><\/td><\/tr><tr><td><\/td><td><\/td><\/tr><tr><td><\/td><td><\/td><\/tr><tr><td><\/td><td><\/td><\/tr><tr><td><\/td><td><\/td><\/tr><tr><td><\/td><td><\/td><\/tr><\/tbody><\/table><\/figure>\n\n\n\n<p><\/p>\n\n\n\n<h2 class=\"wp-block-heading\">Best\u00e4ll hem v\u00e5r v\u00e4lsmakande lunchmat!<\/h2>\n\n\n\n<p>K\u00f6ket: 040 864 9729<\/p>\n\n\n\n<p>Vid avh\u00e4mtning: 10,00 e<br>Vid hemleverans: 12,50 e<\/p>\n\n\n\n<p><strong>De k\u00f6tt-, kyckling- och fiskprodukter som vi anv\u00e4nder vid matlagningen \u00e4r inhemska<\/strong>.<\/p>\n\n\n\n<p><\/p>\n\n\n\n<div class=\"wp-block-file\"><a id=\"wp-block-file--media-c4a7a54a-be4c-4c7d-8902-1742c9a69ea7\" href=\"https:\/\/www.degamlashem.com\/wp-content\/uploads\/2026\/02\/oiva-raportti-2025-1.pdf\">Oiva-raportti 2025<\/a><a href=\"https:\/\/www.degamlashem.com\/wp-content\/uploads\/2026\/02\/oiva-raportti-2025-1.pdf\" class=\"wp-block-file__button wp-element-button\" download aria-describedby=\"wp-block-file--media-c4a7a54a-be4c-4c7d-8902-1742c9a69ea7\">Lataa<\/a><\/div>\n","protected":false},"excerpt":{"rendered":"<p>Vecka 17 M\u00e5ndag Broilerfrestelse Tisdag K\u00f6ttf\u00e4rsl\u00e4ngd Onsdag Griss\u00e5s Torsdag Lasagne Fredag Sejsoppa L\u00f6rdag K\u00f6ttpotatismosl\u00e5da S\u00f6ndag Kyckling a\u00b4la Igor Best\u00e4ll hem v\u00e5r v\u00e4lsmakande lunchmat! K\u00f6ket: 040 864 9729 Vid avh\u00e4mtning: 10,00 eVid hemleverans: 12,50 e De k\u00f6tt-, kyckling- och fiskprodukter som vi anv\u00e4nder vid matlagningen \u00e4r inhemska.<\/p>\n","protected":false},"author":1,"featured_media":0,"parent":0,"menu_order":5,"comment_status":"closed","ping_status":"closed","template":"","meta":{"_acf_changed":false,"footnotes":""},"class_list":["post-4409","page","type-page","status-publish","hentry"],"acf":[],"aioseo_notices":[],"_links":{"self":[{"href":"https:\/\/www.degamlashem.com\/sv\/wp-json\/wp\/v2\/pages\/4409","targetHints":{"allow":["GET"]}}],"collection":[{"href":"https:\/\/www.degamlashem.com\/sv\/wp-json\/wp\/v2\/pages"}],"about":[{"href":"https:\/\/www.degamlashem.com\/sv\/wp-json\/wp\/v2\/types\/page"}],"author":[{"embeddable":true,"href":"https:\/\/www.degamlashem.com\/sv\/wp-json\/wp\/v2\/users\/1"}],"replies":[{"embeddable":true,"href":"https:\/\/www.degamlashem.com\/sv\/wp-json\/wp\/v2\/comments?post=4409"}],"version-history":[{"count":9,"href":"https:\/\/www.degamlashem.com\/sv\/wp-json\/wp\/v2\/pages\/4409\/revisions"}],"predecessor-version":[{"id":4667,"href":"https:\/\/www.degamlashem.com\/sv\/wp-json\/wp\/v2\/pages\/4409\/revisions\/4667"}],"wp:attachment":[{"href":"https:\/\/www.degamlashem.com\/sv\/wp-json\/wp\/v2\/media?parent=4409"}],"curies":[{"name":"wp","href":"https:\/\/api.w.org\/{rel}","templated":true}]}}