{"id":4406,"date":"2025-08-22T12:13:22","date_gmt":"2025-08-22T09:13:22","guid":{"rendered":"https:\/\/www.degamlashem.com\/palveluhinnasto\/"},"modified":"2025-08-25T09:43:58","modified_gmt":"2025-08-25T06:43:58","slug":"serviceprislista","status":"publish","type":"page","link":"https:\/\/www.degamlashem.com\/sv\/serviceprislista\/","title":{"rendered":"Serviceprislista"},"content":{"rendered":"\r\n\r\n<section class=\"hero site-banner banner-bg-image section-default default alignfull image\">\r\n\r\n    <div class=\"site-banner-bg section-bg-image \" >\r\n\r\n        <img loading=\"lazy\" decoding=\"async\" width=\"1366\" height=\"858\" src=\"https:\/\/www.degamlashem.com\/wp-content\/uploads\/2025\/08\/highlight-image-e1756104936232.jpg\" class=\"attachment-1536\u00d71536 size-1536\u00d71536\" alt=\"\" srcset=\"https:\/\/www.degamlashem.com\/wp-content\/uploads\/2025\/08\/highlight-image-e1756104936232.jpg 1366w, https:\/\/www.degamlashem.com\/wp-content\/uploads\/2025\/08\/highlight-image-e1756104936232-300x188.jpg 300w, https:\/\/www.degamlashem.com\/wp-content\/uploads\/2025\/08\/highlight-image-e1756104936232-1024x643.jpg 1024w, https:\/\/www.degamlashem.com\/wp-content\/uploads\/2025\/08\/highlight-image-e1756104936232-768x482.jpg 768w\" sizes=\"auto, (max-width: 1366px) 100vw, 1366px\" \/>\r\n        \r\n            <div class=\"site-banner-content container\">\r\n                <div class=\"row w-100\">\r\n                    <div class=\"col-md-12\">\r\n\r\n                        <h1 class=\"hero-title\">Vi v\u00e5rdar med stort hj\u00e4rta<\/h1><div class=\"inner-content\">\r\n                            <div class=\"acf-innerblocks-container\"><\/div>\r\n                        <\/div>                    <\/div>\r\n                <\/div>\r\n            <\/div>\r\n        \r\n        <\/div><\/section>\n\n\n<h2 class=\"wp-block-heading\">Serviceprislista<\/h2>\n\n\n\n<h3 class=\"wp-block-heading\">Effektiverat serviceboende<\/h3>\n\n\n\n<figure class=\"wp-block-image size-full is-resized\"><a href=\"https:\/\/www.degamlashem.com\/wp-content\/uploads\/2025\/08\/dgh-uusi-esite-kuva-pixabaysta21.jpg\"><img loading=\"lazy\" decoding=\"async\" width=\"612\" height=\"408\" src=\"https:\/\/www.degamlashem.com\/wp-content\/uploads\/2025\/08\/dgh-uusi-esite-kuva-pixabaysta21.jpg\" alt=\"\" class=\"wp-image-4248\" style=\"width:400px\" srcset=\"https:\/\/www.degamlashem.com\/wp-content\/uploads\/2025\/08\/dgh-uusi-esite-kuva-pixabaysta21.jpg 612w, https:\/\/www.degamlashem.com\/wp-content\/uploads\/2025\/08\/dgh-uusi-esite-kuva-pixabaysta21-300x200.jpg 300w\" sizes=\"auto, (max-width: 612px) 100vw, 612px\" \/><\/a><\/figure>\n\n\n\n<p>Enligt 21 \u00a7 i socialv\u00e5rdslagen ordnas serviceboende f\u00f6r personer som beh\u00f6ver en l\u00e4mplig bostad samt v\u00e5rd och omsorg. Dygnet runt serviceboende ordnas f\u00f6r personer som har ett stort och kontinuerligt behov av v\u00e5rd och omsorg.<\/p>\n\n\n\n<p>7 c \u00a7 i kundavgiftslagen inneh\u00e5ller grunderna f\u00f6r kundavgiften f\u00f6r l\u00e5ngvarigt dygnet runt serviceboende. Avgiften f\u00e5r vara h\u00f6gst 85 procent av kundens netto m\u00e5nadsinkomster.<\/p>\n\n\n\n<p>Om den h\u00f6ginkomsttagande maken \u00e4r i l\u00e5ngvarigt dygnet runt serviceboende, kan v\u00e5rdavgiften vara h\u00f6gst 42,5 % av makarnas sammanlagda m\u00e5nadsinkomster.<\/p>\n\n\n\n<p>Boende f\u00e5r en servicesedel f\u00f6r dygnet runt serviceboende som beviljas av \u00d6sterbottens v\u00e4lf\u00e4rdsomr\u00e5de, som t\u00e4cker en del av v\u00e5rdavgiften.&nbsp; Servicesedelns v\u00e4rde best\u00e4ms enligt boendes inkomster och v\u00e5rdbehov. Boende betalar en sj\u00e4lvriskandel till serviceproducenten, som \u00e4r skillnaden mellan det pris som serviceproducenten har fastst\u00e4llt och servicesedeln. Servicesedeln t\u00e4cker ocks\u00e5 de dagliga m\u00e5ltiderna. M\u00e5nadskostnaderna (inklusive hyra) varierar mellan 1000 och 2000 euro beroende p\u00e5 inkomst och v\u00e4rdet av den beviljade servicesedeln.<\/p>\n\n\n\n<p>Boende betalar sj\u00e4lva hyran och sina egna personliga mediciner och v\u00e5rdmaterial.<\/p>\n\n\n\n<h2 class=\"wp-block-heading\">Att bo i g\u00e5rdshus<\/h2>\n\n\n\n<figure class=\"wp-block-image size-full\"><a href=\"https:\/\/www.degamlashem.com\/wp-content\/uploads\/2025\/08\/kotisivu-avain-280x280-1.jpg\"><img loading=\"lazy\" decoding=\"async\" width=\"280\" height=\"280\" src=\"https:\/\/www.degamlashem.com\/wp-content\/uploads\/2025\/08\/kotisivu-avain-280x280-1.jpg\" alt=\"\" class=\"wp-image-4247\" title=\"kotisivu avain\" srcset=\"https:\/\/www.degamlashem.com\/wp-content\/uploads\/2025\/08\/kotisivu-avain-280x280-1.jpg 280w, https:\/\/www.degamlashem.com\/wp-content\/uploads\/2025\/08\/kotisivu-avain-280x280-1-150x150.jpg 150w\" sizes=\"auto, (max-width: 280px) 100vw, 280px\" \/><\/a><\/figure>\n\n\n\n<p>Den genomsnittliga hyresniv\u00e5n \u00e4r beroende av l\u00e4genhetens storlek (14-15,5 e \/m2).&nbsp; L\u00e4genheter kan f\u00f6rfr\u00e5gas per telefon p\u00e5 numret 0400 320 811 (enhetschef). Om det finns behov av tj\u00e4nster som st\u00f6der boende hemma, kan man ans\u00f6ka om en servicesedel f\u00f6r hemv\u00e5rd fr\u00e5n \u00d6sterbottens v\u00e4lf\u00e4rdsomr\u00e5de eller alternativt betala f\u00f6r tj\u00e4nsterna sj\u00e4lv, i vilket fall man har m\u00f6jlighet till 60 % hush\u00e5llsavdrag. St\u00f6dtj\u00e4nster (t.ex. m\u00e5ltids- och st\u00e4dtj\u00e4nster) kan inte f\u00e5 en servicesedel, men de kan ocks\u00e5 f\u00e5 det ovan n\u00e4mnda hush\u00e5llsavdraget.<\/p>\n\n\n\n<p>Boende i g\u00e5rdshus kan \u00e4ta i matsalen i A-huset (dygnet runt serviceboende) \u00e4ven med alla m\u00e5ltider under dagen.<\/p>\n\n\n\n<p>Prislistan f\u00f6r hemv\u00e5rd och st\u00f6dtj\u00e4nster finns i fliken \u201dHemv\u00e5rd\u201d.<\/p>\n","protected":false},"excerpt":{"rendered":"<p>Serviceprislista Effektiverat serviceboende Enligt 21 \u00a7 i socialv\u00e5rdslagen ordnas serviceboende f\u00f6r personer som beh\u00f6ver en l\u00e4mplig bostad samt v\u00e5rd och omsorg. Dygnet runt serviceboende ordnas f\u00f6r personer som har ett stort och kontinuerligt behov av v\u00e5rd och omsorg. 7 c \u00a7 i kundavgiftslagen inneh\u00e5ller grunderna f\u00f6r kundavgiften f\u00f6r l\u00e5ngvarigt dygnet runt serviceboende. Avgiften f\u00e5r vara [&hellip;]<\/p>\n","protected":false},"author":1,"featured_media":0,"parent":0,"menu_order":4,"comment_status":"closed","ping_status":"closed","template":"","meta":{"_acf_changed":false,"footnotes":""},"class_list":["post-4406","page","type-page","status-publish","hentry"],"acf":[],"aioseo_notices":[],"_links":{"self":[{"href":"https:\/\/www.degamlashem.com\/sv\/wp-json\/wp\/v2\/pages\/4406","targetHints":{"allow":["GET"]}}],"collection":[{"href":"https:\/\/www.degamlashem.com\/sv\/wp-json\/wp\/v2\/pages"}],"about":[{"href":"https:\/\/www.degamlashem.com\/sv\/wp-json\/wp\/v2\/types\/page"}],"author":[{"embeddable":true,"href":"https:\/\/www.degamlashem.com\/sv\/wp-json\/wp\/v2\/users\/1"}],"replies":[{"embeddable":true,"href":"https:\/\/www.degamlashem.com\/sv\/wp-json\/wp\/v2\/comments?post=4406"}],"version-history":[{"count":0,"href":"https:\/\/www.degamlashem.com\/sv\/wp-json\/wp\/v2\/pages\/4406\/revisions"}],"wp:attachment":[{"href":"https:\/\/www.degamlashem.com\/sv\/wp-json\/wp\/v2\/media?parent=4406"}],"curies":[{"name":"wp","href":"https:\/\/api.w.org\/{rel}","templated":true}]}}