{"id":4401,"date":"2025-08-22T12:01:00","date_gmt":"2025-08-22T09:01:00","guid":{"rendered":"https:\/\/www.degamlashem.com\/de-gamlas-hemvard-kotihoito\/"},"modified":"2025-08-25T09:03:50","modified_gmt":"2025-08-25T06:03:50","slug":"de-gamlas-hemvard-kotihoito","status":"publish","type":"page","link":"https:\/\/www.degamlashem.com\/sv\/de-gamlas-hemvard-kotihoito\/","title":{"rendered":"De Gamlas Hemv\u00e5rd \u2013 Kotihoito"},"content":{"rendered":"\r\n\r\n<section class=\"hero site-banner banner-bg-image section-default default alignfull image\">\r\n\r\n    <div class=\"site-banner-bg section-bg-image \" >\r\n\r\n        <img loading=\"lazy\" decoding=\"async\" width=\"1366\" height=\"858\" src=\"https:\/\/www.degamlashem.com\/wp-content\/uploads\/2025\/08\/highlight-image-e1756104936232.jpg\" class=\"attachment-1536\u00d71536 size-1536\u00d71536\" alt=\"\" srcset=\"https:\/\/www.degamlashem.com\/wp-content\/uploads\/2025\/08\/highlight-image-e1756104936232.jpg 1366w, https:\/\/www.degamlashem.com\/wp-content\/uploads\/2025\/08\/highlight-image-e1756104936232-300x188.jpg 300w, https:\/\/www.degamlashem.com\/wp-content\/uploads\/2025\/08\/highlight-image-e1756104936232-1024x643.jpg 1024w, https:\/\/www.degamlashem.com\/wp-content\/uploads\/2025\/08\/highlight-image-e1756104936232-768x482.jpg 768w\" sizes=\"auto, (max-width: 1366px) 100vw, 1366px\" \/>\r\n        \r\n            <div class=\"site-banner-content container\">\r\n                <div class=\"row w-100\">\r\n                    <div class=\"col-md-12\">\r\n\r\n                        <h1 class=\"hero-title\">Vi v\u00e5rdar med stort hj\u00e4rta<\/h1><div class=\"inner-content\">\r\n                            <div class=\"acf-innerblocks-container\"><\/div>\r\n                        <\/div>                    <\/div>\r\n                <\/div>\r\n            <\/div>\r\n        \r\n        <\/div><\/section>\n\n\n<h2 class=\"wp-block-heading\">De Gamlas Hemv\u00e5rd \u2013 Kotihoito<\/h2>\n\n\n\n<div class=\"wp-block-columns is-layout-flex wp-container-core-columns-is-layout-9d6595d7 wp-block-columns-is-layout-flex\">\n<div class=\"wp-block-column is-layout-flow wp-block-column-is-layout-flow\">\n<figure class=\"wp-block-image size-full\"><img loading=\"lazy\" decoding=\"async\" width=\"612\" height=\"612\" src=\"https:\/\/www.degamlashem.com\/wp-content\/uploads\/2025\/08\/kotihoito-logo.jpg\" alt=\"\" class=\"wp-image-4238\" srcset=\"https:\/\/www.degamlashem.com\/wp-content\/uploads\/2025\/08\/kotihoito-logo.jpg 612w, https:\/\/www.degamlashem.com\/wp-content\/uploads\/2025\/08\/kotihoito-logo-300x300.jpg 300w, https:\/\/www.degamlashem.com\/wp-content\/uploads\/2025\/08\/kotihoito-logo-150x150.jpg 150w\" sizes=\"auto, (max-width: 612px) 100vw, 612px\" \/><\/figure>\n\n\n\n<p>Vi erbjuder hemv\u00e5rd och st\u00f6dtj\u00e4nster i Kristinestad med omnejd till \u00e4ldre personer vilka beh\u00f6ver h\u00f6gklassig service och hj\u00e4lp i vardagen som st\u00f6d f\u00f6r hemmaboende.<\/p>\n\n\n\n<p>Tj\u00e4nsterna erbjuds p\u00e5 m\u00e5ndagar, onsdagar och fredagar kl 9-15<\/p>\n<\/div>\n\n\n\n<div class=\"wp-block-column is-layout-flow wp-block-column-is-layout-flow\">\n<p><strong>Hemv\u00e5rd&nbsp;<\/strong><\/p>\n\n\n\n<p>Vi erbjuder hemv\u00e5rd endast i liten skala fr\u00e5n b\u00f6rjan av 2025 p\u00e5 grund av att servicesedlarna avskaffas i staden. Genom oss \u00e4r det m\u00f6jligt att f\u00e5 till exempel duschhj\u00e4lp en g\u00e5ng i veckan (40 \u20ac\/g\u00e5ng, max. 1 timme), vi tar ocks\u00e5 blodprover och ger injektioner (45 \u20ac\/g\u00e5ng, inkluderar transport av prover till laboratoriet), fysiologiska m\u00e4tningar som blodtrycksm\u00e4tning, hemoglobin, vikt (35 \u20ac\/g\u00e5ng, i samband med duschhj\u00e4lp 10 \u20ac). Andra \u00e4renden i samband med hemv\u00e5rd,&nbsp; s\u00e5som att g\u00e5 till aff\u00e4ren eller apoteket, 20 \u20ac\/g\u00e5ng, f\u00f6r de som bor l\u00e4ngre bort fr\u00e5n centrum 35 \u20ac\/g\u00e5ng.<\/p>\n\n\n\n<p>F\u00f6r hemv\u00e5rd och st\u00f6dtj\u00e4nster som skaffas \u00e5r 2025 (f\u00f6rutom m\u00e5ltidstj\u00e4nst) \u00e4r det m\u00f6jligt att f\u00e5 h\u00f6gst 1600 euro i hush\u00e5llsavdrag.<\/p>\n<\/div>\n\n\n\n<div class=\"wp-block-column is-layout-flow wp-block-column-is-layout-flow\">\n<p><strong>St\u00f6dtj\u00e4nster 36 e\/ h<\/strong><\/p>\n\n\n\n<p>Hj\u00e4lp med att uttr\u00e4tta \u00e4renden<\/p>\n\n\n\n<p>Friluftss\u00e4llskap<\/p>\n\n\n\n<p>M\u00e5ltidstj\u00e4nster o.s.v.<\/p>\n<\/div>\n\n\n\n<div class=\"wp-block-column is-layout-flow wp-block-column-is-layout-flow\">\n<p><strong>Ta kontakt<\/strong><\/p>\n\n\n\n<p>Hemv\u00e5rd: 044 970 8157 (M\u00e5ndag, onsdag och fredag kl 9-15)<\/p>\n\n\n\n<p>dghv@degamlashem.com<\/p>\n\n\n\n<p>Strandgatan 77<br>64100 Kristinestad<\/p>\n<\/div>\n<\/div>\n\n\n\n<div class=\"wp-block-columns is-layout-flex wp-container-core-columns-is-layout-9d6595d7 wp-block-columns-is-layout-flex\">\n<div class=\"wp-block-column is-layout-flow wp-block-column-is-layout-flow\" style=\"flex-basis:33.33%\">\n<figure class=\"wp-block-image size-large is-resized\"><img loading=\"lazy\" decoding=\"async\" width=\"1024\" height=\"788\" src=\"https:\/\/www.degamlashem.com\/wp-content\/uploads\/2025\/08\/dghv-siivouskuva-1024x788.jpg\" alt=\"\" class=\"wp-image-4239\" style=\"width:347px;height:auto\" srcset=\"https:\/\/www.degamlashem.com\/wp-content\/uploads\/2025\/08\/dghv-siivouskuva-1024x788.jpg 1024w, https:\/\/www.degamlashem.com\/wp-content\/uploads\/2025\/08\/dghv-siivouskuva-300x231.jpg 300w, https:\/\/www.degamlashem.com\/wp-content\/uploads\/2025\/08\/dghv-siivouskuva-768x591.jpg 768w, https:\/\/www.degamlashem.com\/wp-content\/uploads\/2025\/08\/dghv-siivouskuva-1536x1182.jpg 1536w, https:\/\/www.degamlashem.com\/wp-content\/uploads\/2025\/08\/dghv-siivouskuva.jpg 1920w\" sizes=\"auto, (max-width: 1024px) 100vw, 1024px\" \/><\/figure>\n<\/div>\n\n\n\n<div class=\"wp-block-column is-layout-flow wp-block-column-is-layout-flow\" style=\"flex-basis:66.66%\">\n<h2 class=\"wp-block-heading\"><\/h2>\n<\/div>\n<\/div>\n","protected":false},"excerpt":{"rendered":"<p>De Gamlas Hemv\u00e5rd \u2013 Kotihoito Vi erbjuder hemv\u00e5rd och st\u00f6dtj\u00e4nster i Kristinestad med omnejd till \u00e4ldre personer vilka beh\u00f6ver h\u00f6gklassig service och hj\u00e4lp i vardagen som st\u00f6d f\u00f6r hemmaboende. Tj\u00e4nsterna erbjuds p\u00e5 m\u00e5ndagar, onsdagar och fredagar kl 9-15 Hemv\u00e5rd&nbsp; Vi erbjuder hemv\u00e5rd endast i liten skala fr\u00e5n b\u00f6rjan av 2025 p\u00e5 grund av att servicesedlarna [&hellip;]<\/p>\n","protected":false},"author":1,"featured_media":0,"parent":0,"menu_order":3,"comment_status":"closed","ping_status":"closed","template":"","meta":{"_acf_changed":false,"footnotes":""},"class_list":["post-4401","page","type-page","status-publish","hentry"],"acf":[],"aioseo_notices":[],"_links":{"self":[{"href":"https:\/\/www.degamlashem.com\/sv\/wp-json\/wp\/v2\/pages\/4401","targetHints":{"allow":["GET"]}}],"collection":[{"href":"https:\/\/www.degamlashem.com\/sv\/wp-json\/wp\/v2\/pages"}],"about":[{"href":"https:\/\/www.degamlashem.com\/sv\/wp-json\/wp\/v2\/types\/page"}],"author":[{"embeddable":true,"href":"https:\/\/www.degamlashem.com\/sv\/wp-json\/wp\/v2\/users\/1"}],"replies":[{"embeddable":true,"href":"https:\/\/www.degamlashem.com\/sv\/wp-json\/wp\/v2\/comments?post=4401"}],"version-history":[{"count":0,"href":"https:\/\/www.degamlashem.com\/sv\/wp-json\/wp\/v2\/pages\/4401\/revisions"}],"wp:attachment":[{"href":"https:\/\/www.degamlashem.com\/sv\/wp-json\/wp\/v2\/media?parent=4401"}],"curies":[{"name":"wp","href":"https:\/\/api.w.org\/{rel}","templated":true}]}}