{"id":4393,"date":"2025-08-01T14:42:53","date_gmt":"2025-08-01T11:42:53","guid":{"rendered":"https:\/\/www.degamlashem.com\/ajankohtaista\/"},"modified":"2026-03-26T10:47:56","modified_gmt":"2026-03-26T08:47:56","slug":"aktuellt","status":"publish","type":"page","link":"https:\/\/www.degamlashem.com\/sv\/aktuellt\/","title":{"rendered":"Aktuellt"},"content":{"rendered":"\r\n\r\n<section class=\"hero site-banner banner-bg-image section-default default alignfull image\">\r\n\r\n    <div class=\"site-banner-bg section-bg-image \" >\r\n\r\n        <img loading=\"lazy\" decoding=\"async\" width=\"1366\" height=\"858\" src=\"https:\/\/www.degamlashem.com\/wp-content\/uploads\/2025\/08\/highlight-image-e1756104936232.jpg\" class=\"attachment-1536\u00d71536 size-1536\u00d71536\" alt=\"\" srcset=\"https:\/\/www.degamlashem.com\/wp-content\/uploads\/2025\/08\/highlight-image-e1756104936232.jpg 1366w, https:\/\/www.degamlashem.com\/wp-content\/uploads\/2025\/08\/highlight-image-e1756104936232-300x188.jpg 300w, https:\/\/www.degamlashem.com\/wp-content\/uploads\/2025\/08\/highlight-image-e1756104936232-1024x643.jpg 1024w, https:\/\/www.degamlashem.com\/wp-content\/uploads\/2025\/08\/highlight-image-e1756104936232-768x482.jpg 768w\" sizes=\"auto, (max-width: 1366px) 100vw, 1366px\" \/>\r\n        \r\n            <div class=\"site-banner-content container\">\r\n                <div class=\"row w-100\">\r\n                    <div class=\"col-md-12\">\r\n\r\n                        <h1 class=\"hero-title\">Vi v\u00e5rdar med stort hj\u00e4rta<\/h1><div class=\"inner-content\">\r\n                            <div class=\"acf-innerblocks-container\"><\/div>\r\n                        <\/div>                    <\/div>\r\n                <\/div>\r\n            <\/div>\r\n        \r\n        <\/div><\/section>\n\n\n<h2 class=\"wp-block-heading\">Aktuellt<\/h2>\n\n\n\n<p>26.3.2026<\/p>\n\n\n\n<p><strong>De Gamlas Hem \u2013 jubileums\u00e5r 2026<\/strong><\/p>\n\n\n\n<p>\u00c5r 2026 \u00e4r ett betydelsefullt \u00e5r f\u00f6r De Gamlas Hem.<br>Den 1 juni har det g\u00e5tt 20 \u00e5r sedan v\u00e5r enhet f\u00f6r dygnet\u2011runt\u2011serviceboende \u00f6ppnade sina d\u00f6rrar och inledde sin verksamhet i Kristinestad.<\/p>\n\n\n\n<p>Under dessa tv\u00e5 decennier har vi haft f\u00f6rm\u00e5nen att erbjuda m\u00e5nga \u00e4ldre en trygg, hemlik och v\u00e4rdig plats att leva p\u00e5 \u2013 tillsammans med v\u00e5r kunniga personal, v\u00e5ra boende och deras n\u00e4rst\u00e5ende. Jubileums\u00e5ret \u00e4r f\u00f6r oss ett \u00e5r av tacksamhet och gemenskap.<\/p>\n\n\n\n<p>Som en del av jubileums\u00e5ret ordnar vi ett evenemang med \u00f6ppet hus i b\u00f6rjan av juni, d\u00e4r vi presenterar v\u00e5r verksamhet och v\u00e5r historia fr\u00e5n de g\u00e5ngna tjugo \u00e5ren. Jubileums\u00e5ret uppm\u00e4rksammas ocks\u00e5 under den traditionella sommarfesten f\u00f6r v\u00e5ra boende och deras n\u00e4rst\u00e5ende, som arrangeras som vanligt under sommaren.<\/p>\n\n\n\n<p>Mer information om \u00f6ppet hus publiceras senare.<br>F\u00f6lj v\u00e5ra meddelanden p\u00e5 hemsidan och i v\u00e5ra andra kanaler.<\/p>\n\n\n\n<p><\/p>\n\n\n\n<p><\/p>\n\n\n\n<p><\/p>\n\n\n\n<p><\/p>\n\n\n\n<p><\/p>\n\n\n\n<p><\/p>\n\n\n\n<p><\/p>\n\n\n\n<p><\/p>\n\n\n\n<p><\/p>\n","protected":false},"excerpt":{"rendered":"<p>Aktuellt 26.3.2026 De Gamlas Hem \u2013 jubileums\u00e5r 2026 \u00c5r 2026 \u00e4r ett betydelsefullt \u00e5r f\u00f6r De Gamlas Hem.Den 1 juni har det g\u00e5tt 20 \u00e5r sedan v\u00e5r enhet f\u00f6r dygnet\u2011runt\u2011serviceboende \u00f6ppnade sina d\u00f6rrar och inledde sin verksamhet i Kristinestad. Under dessa tv\u00e5 decennier har vi haft f\u00f6rm\u00e5nen att erbjuda m\u00e5nga \u00e4ldre en trygg, hemlik och [&hellip;]<\/p>\n","protected":false},"author":1,"featured_media":0,"parent":0,"menu_order":2,"comment_status":"closed","ping_status":"closed","template":"","meta":{"_acf_changed":false,"footnotes":""},"class_list":["post-4393","page","type-page","status-publish","hentry"],"acf":[],"aioseo_notices":[],"_links":{"self":[{"href":"https:\/\/www.degamlashem.com\/sv\/wp-json\/wp\/v2\/pages\/4393","targetHints":{"allow":["GET"]}}],"collection":[{"href":"https:\/\/www.degamlashem.com\/sv\/wp-json\/wp\/v2\/pages"}],"about":[{"href":"https:\/\/www.degamlashem.com\/sv\/wp-json\/wp\/v2\/types\/page"}],"author":[{"embeddable":true,"href":"https:\/\/www.degamlashem.com\/sv\/wp-json\/wp\/v2\/users\/1"}],"replies":[{"embeddable":true,"href":"https:\/\/www.degamlashem.com\/sv\/wp-json\/wp\/v2\/comments?post=4393"}],"version-history":[{"count":1,"href":"https:\/\/www.degamlashem.com\/sv\/wp-json\/wp\/v2\/pages\/4393\/revisions"}],"predecessor-version":[{"id":4647,"href":"https:\/\/www.degamlashem.com\/sv\/wp-json\/wp\/v2\/pages\/4393\/revisions\/4647"}],"wp:attachment":[{"href":"https:\/\/www.degamlashem.com\/sv\/wp-json\/wp\/v2\/media?parent=4393"}],"curies":[{"name":"wp","href":"https:\/\/api.w.org\/{rel}","templated":true}]}}